{"id":3,"date":"2025-06-10T08:05:34","date_gmt":"2025-06-10T08:05:34","guid":{"rendered":"https:\/\/aachenerstadthotel.demosmartsite.com\/?page_id=3"},"modified":"2026-02-04T13:11:23","modified_gmt":"2026-02-04T13:11:23","slug":"privacy-policy","status":"publish","type":"page","link":"https:\/\/aachenerstadthotel.demosmartsite.com\/en\/privacy-policy\/","title":{"rendered":"Privacy Policy"},"content":{"rendered":"<section class=\"bde-section-3-106 bde-section\">\n  \n  \n\t\n\n\n\n<div class=\"section-container\"><div class=\"bde-columns-3-107 bde-columns\"><div class=\"bde-column-3-108 bde-column\">\n  \n  \n\t\n\n\n\n\n<\/div><div class=\"bde-column-3-109 bde-column\">\n  \n  \n\t\n\n\n\n<h1 class=\"bde-heading-3-104 bde-heading\">\nPol\u00edtica de Privacidad y Cookies\n<\/h1><div class=\"bde-rich-text-3-111 bde-rich-text breakdance-rich-text-styles\">\n<h3 data-path-to-node=\"3\">1. Informaci\u00f3n al usuario<\/h3><p data-path-to-node=\"4\"><b data-path-to-node=\"4\" data-index-in-node=\"0\">Trugaco SL<\/b>, como responsable de este sitio web, de conformidad con lo dispuesto en el <b data-path-to-node=\"4\" data-index-in-node=\"86\">Reglamento General de Protecci\u00f3n de Datos (RGPD) UE 2016\/679<\/b> y la <b data-path-to-node=\"4\" data-index-in-node=\"152\">Ley Org\u00e1nica 3\/2018 (LOPDGDD)<\/b>, le informa de que ha implementado las medidas de seguridad necesarias para garantizar la confidencialidad y tratamiento \u00edntegro de los datos facilitados.<\/p><h3 data-path-to-node=\"5\">2. Responsable del Tratamiento<\/h3><ul data-path-to-node=\"6\"><li><p data-path-to-node=\"6,0,0\"><b data-path-to-node=\"6,0,0\" data-index-in-node=\"0\">Raz\u00f3n Social:<\/b> Trugaco SL<\/p><\/li><li><p data-path-to-node=\"6,1,0\"><b data-path-to-node=\"6,1,0\" data-index-in-node=\"0\">C.I.F.:<\/b> B90229808<\/p><\/li><li><p data-path-to-node=\"6,2,0\"><b data-path-to-node=\"6,2,0\" data-index-in-node=\"0\">Direcci\u00f3n:<\/b> Avd. Rep\u00fablica Argentina 15, 6\u00baB. 41011 Sevilla, Espa\u00f1a.<\/p><\/li><li><p data-path-to-node=\"6,3,0\"><b data-path-to-node=\"6,3,0\" data-index-in-node=\"0\">Email:<\/b> mateosgago1@gmail.com<\/p><\/li><li><p data-path-to-node=\"6,4,0\"><b data-path-to-node=\"6,4,0\" data-index-in-node=\"0\">Tel\u00e9fono:<\/b> +34 680 746 580<\/p><\/li><\/ul><h3 data-path-to-node=\"7\">3. Datos recopilados y Finalidad<\/h3><p data-path-to-node=\"8\">A trav\u00e9s del formulario de contacto de nuestra web, recopilamos su <b data-path-to-node=\"8\" data-index-in-node=\"67\">Nombre, Email y Tel\u00e9fono<\/b>. La finalidad de este tratamiento es:<\/p><ol start=\"1\" data-path-to-node=\"9\"><li><p data-path-to-node=\"9,0,0\">Gestionar su solicitud de informaci\u00f3n o resolver sus dudas.<\/p><\/li><li><p data-path-to-node=\"9,1,0\">Facilitar el contacto comercial relacionado con nuestras estructuras tur\u00edsticas en Sevilla.<\/p><\/li><li><p data-path-to-node=\"9,2,0\">Remitir comunicaciones sobre su reserva en caso de que esta se formalice.<\/p><\/li><\/ol><h3 data-path-to-node=\"10\">4. Legitimaci\u00f3n y Conservaci\u00f3n<\/h3><p data-path-to-node=\"11\">La base legal para el tratamiento de sus datos es su <b data-path-to-node=\"11\" data-index-in-node=\"53\">consentimiento expl\u00edcito<\/b> al marcar la casilla de aceptaci\u00f3n en el formulario. Los datos se conservar\u00e1n mientras exista un inter\u00e9s mutuo para mantener el fin del tratamiento o mientras la ley lo exija.<\/p><h3 data-path-to-node=\"12\">5. Enlaces a Terceros (Booking Engine)<\/h3><p data-path-to-node=\"13\">Este sitio web contiene enlaces a plataformas externas de reserva (Booking.com o similares). Le informamos de que, al hacer clic en dichos enlaces, saldr\u00e1 de nuestra web. <b data-path-to-node=\"13\" data-index-in-node=\"171\">Trugaco SL<\/b> no se hace responsable del tratamiento de datos que estas plataformas externas realicen. Le recomendamos consultar sus respectivas pol\u00edticas de privacidad.<\/p><h3 data-path-to-node=\"14\">6. Derechos del Usuario<\/h3><p data-path-to-node=\"15\">Usted tiene derecho a acceder, rectificar, suprimir sus datos, limitar su tratamiento u oponerse al mismo, as\u00ed como el derecho a la portabilidad de los datos. Puede ejercer estos derechos enviando un correo electr\u00f3nico a <b data-path-to-node=\"15\" data-index-in-node=\"221\">mateosgago1@gmail.com<\/b> adjuntando una copia de su DNI.<\/p><hr data-path-to-node=\"16\" \/><h3 data-path-to-node=\"17\">7. Pol\u00edtica de Cookies<\/h3><p data-path-to-node=\"18\">En cumplimiento de la Ley 34\/2002 (LSSI-CE), informamos que este sitio utiliza cookies para mejorar la navegaci\u00f3n y obtener datos estad\u00edsticos.<\/p><p data-path-to-node=\"19\"><b data-path-to-node=\"19\" data-index-in-node=\"0\">Tipos de cookies utilizadas:<\/b><\/p><ul data-path-to-node=\"20\"><li><p data-path-to-node=\"20,0,0\"><b data-path-to-node=\"20,0,0\" data-index-in-node=\"0\">T\u00e9cnicas:<\/b> Necesarias para el correcto funcionamiento de WordPress.<\/p><\/li><li><p data-path-to-node=\"20,1,0\"><b data-path-to-node=\"20,1,0\" data-index-in-node=\"0\">Anal\u00edticas:<\/b> Permiten cuantificar el n\u00famero de usuarios y realizar la medici\u00f3n estad\u00edstica del uso que hacen los usuarios de nuestra web.<\/p><\/li><li><p data-path-to-node=\"20,2,0\"><b data-path-to-node=\"20,2,0\" data-index-in-node=\"0\">De terceros:<\/b> Al utilizar enlaces externos a plataformas de reserva, estas pueden instalar cookies propias en su navegador para gestionar el proceso de reserva.<\/p><\/li><\/ul><p data-path-to-node=\"21\"><b data-path-to-node=\"21\" data-index-in-node=\"0\">C\u00f3mo desactivarlas:<\/b> Puede permitir, bloquear o eliminar las cookies instaladas en su equipo mediante la configuraci\u00f3n de las opciones del navegador instalado en su ordenador (Chrome, Firefox, Safari, Edge).<\/p>\n<\/div>\n<\/div><div class=\"bde-column-3-110 bde-column\">\n  \n  \n\t\n\n\n\n\n<\/div><\/div><\/div>\n<\/section>","protected":false},"excerpt":{"rendered":"<p>Pol\u00edtica de Privacidad y Cookies 1. Informaci\u00f3n al usuarioTrugaco SL, como responsable de este sitio web, de conformidad con lo dispuesto en el Reglamento General de Protecci\u00f3n de Datos (RGPD) UE 2016\/679 y la Ley Org\u00e1nica 3\/2018 (LOPDGDD), le informa de que ha implementado las medidas de seguridad necesarias para garantizar la confidencialidad y tratamiento [&hellip;]<\/p>\n","protected":false},"author":1,"featured_media":0,"parent":0,"menu_order":0,"comment_status":"closed","ping_status":"open","template":"","meta":{"_breakdance_hide_in_design_set":false,"_breakdance_tags":"","footnotes":""},"class_list":["post-3","page","type-page","status-publish","hentry"],"_links":{"self":[{"href":"https:\/\/aachenerstadthotel.demosmartsite.com\/en\/wp-json\/wp\/v2\/pages\/3","targetHints":{"allow":["GET"]}}],"collection":[{"href":"https:\/\/aachenerstadthotel.demosmartsite.com\/en\/wp-json\/wp\/v2\/pages"}],"about":[{"href":"https:\/\/aachenerstadthotel.demosmartsite.com\/en\/wp-json\/wp\/v2\/types\/page"}],"author":[{"embeddable":true,"href":"https:\/\/aachenerstadthotel.demosmartsite.com\/en\/wp-json\/wp\/v2\/users\/1"}],"replies":[{"embeddable":true,"href":"https:\/\/aachenerstadthotel.demosmartsite.com\/en\/wp-json\/wp\/v2\/comments?post=3"}],"version-history":[{"count":16,"href":"https:\/\/aachenerstadthotel.demosmartsite.com\/en\/wp-json\/wp\/v2\/pages\/3\/revisions"}],"predecessor-version":[{"id":2124,"href":"https:\/\/aachenerstadthotel.demosmartsite.com\/en\/wp-json\/wp\/v2\/pages\/3\/revisions\/2124"}],"wp:attachment":[{"href":"https:\/\/aachenerstadthotel.demosmartsite.com\/en\/wp-json\/wp\/v2\/media?parent=3"}],"curies":[{"name":"wp","href":"https:\/\/api.w.org\/{rel}","templated":true}]}}